{"id":2803,"date":"2025-08-20T07:37:36","date_gmt":"2025-08-20T07:37:36","guid":{"rendered":"https:\/\/www.lpmeditation.com\/frequently-asked-questions\/"},"modified":"2026-03-11T11:01:43","modified_gmt":"2026-03-11T11:01:43","slug":"foire-aux-questions","status":"publish","type":"page","link":"https:\/\/www.lpmeditation.com\/en\/foire-aux-questions\/","title":{"rendered":"Foire aux questions"},"content":{"rendered":"<div class=\"wpb-content-wrapper\"><p>[vc_row full_width=&#8221;stretch_row&#8221; hide_bg_image_on_tablet=&#8221;&#8221; hide_bg_image_on_mobile=&#8221;&#8221;][vc_column icons_position=&#8221;left&#8221;][vc_empty_space alter_height=&#8221;medium&#8221; hide_on_desktop=&#8221;&#8221; hide_on_notebook=&#8221;&#8221; hide_on_tablet=&#8221;&#8221; hide_on_mobile=&#8221;&#8221; css=&#8221;.vc_custom_1517820913187{margin-bottom: -1.1rem !important;}&#8221;]<div id=\"sc_title_2008733487\"\r\n\t\tclass=\"sc_title color_style_default sc_title_default\"><h3 class=\"sc_item_title sc_title_title sc_align_center sc_item_title_style_default\">Foire aux questions<\/h3><\/div><!-- \/.sc_title -->[vc_empty_space alter_height=&#8221;medium&#8221; hide_on_desktop=&#8221;&#8221; hide_on_notebook=&#8221;&#8221; hide_on_tablet=&#8221;&#8221; hide_on_mobile=&#8221;&#8221; css=&#8221;.vc_custom_1517820913187{margin-bottom: -1.1rem !important;}&#8221;][vc_column_text css=&#8221;&#8221;]<\/p>\n<h5>Des questions ? Nous sommes l\u00e0 pour vous r\u00e9pondre.<\/h5>\n<p>[\/vc_column_text][vc_empty_space alter_height=&#8221;medium&#8221; hide_on_desktop=&#8221;&#8221; hide_on_notebook=&#8221;&#8221; hide_on_tablet=&#8221;&#8221; hide_on_mobile=&#8221;&#8221; css=&#8221;.vc_custom_1517820913187{margin-bottom: -1.1rem !important;}&#8221;][vc_column_text css=&#8221;&#8221;]<\/p>\n<h5>Voici quelques questions fr\u00e9quentes<\/h5>\n<p>[\/vc_column_text][vc_empty_space alter_height=&#8221;medium&#8221; hide_on_desktop=&#8221;&#8221; hide_on_notebook=&#8221;&#8221; hide_on_tablet=&#8221;&#8221; hide_on_mobile=&#8221;&#8221; css=&#8221;.vc_custom_1517820913187{margin-bottom: -1.1rem !important;}&#8221;][vc_tta_accordion color=&#8221;white&#8221; spacing=&#8221;5&#8243; gap=&#8221;5&#8243; c_align=&#8221;left&#8221; c_icon=&#8221;chevron&#8221; c_position=&#8221;left&#8221; active_section=&#8221;0&#8243; css=&#8221;.vc_custom_1765816043950{margin-left: 3px !important;padding-left: 3px !important;}&#8221;][vc_tta_section title=&#8221;Puis-je essayer une m\u00e9ditation gratuitement ?&#8221; tab_id=&#8221;1755844754093-e1baa029-de7c&#8221;][vc_column_text css=&#8221;&#8221;]<span style=\"font-weight: 400;\">Oui, tu vas pouvoir tester gratuitement 2 s\u00e9ances de m\u00e9ditations du programme incluant quelques conseils de postures durant 7 jours. <\/span><span style=\"font-weight: 400;\">Tu peux souscrire imm\u00e9diatement \u00e0 ta p\u00e9riode de test en <a href=\"https:\/\/www.lpmeditation.com\/en\/nos-tarifs\/\">cliquant ici<\/a>.<\/span>[\/vc_column_text][\/vc_tta_section][vc_tta_section title=&#8221;Puis-je acc\u00e9der \u00e0 l\u2019historique de tous les modules que j\u2019ai effectu\u00e9 ?&#8221; tab_id=&#8221;1755845684939-132567ba-c1fa&#8221;][vc_column_text css=&#8221;&#8221;]<span style=\"font-weight: 400;\">Oui, tous les modules du programme que tu as effectu\u00e9s, ainsi que tes notes personnelles, sont accessibles dans ton profil durant ta p\u00e9riode de souscription.<\/span>[\/vc_column_text][\/vc_tta_section][vc_tta_section title=&#8221;Comment mesurer mon \u00e9volution ?&#8221; tab_id=&#8221;1755845701174-d652a0ac-1076&#8243;][vc_column_text css=&#8221;&#8221;]<span style=\"font-weight: 400;\">On ne mesure pas son \u00e9volution, m\u00e9diter n\u2019int\u00e8gre pas pour moi des niveaux hi\u00e9rarchiques tels que l\u2019on peut trouver dans d&#8217;autres activit\u00e9s d\u2019apprentissage.\u00a0<\/span><\/p>\n<p><span style=\"font-weight: 400;\">Mais tu vas te rendre compte qu\u2019au niveau de ta pratique, tu entres dans un \u00e9tat m\u00e9ditatif de plus en plus rapidement et facilement, que tu as plus de distance avec tes pens\u00e9es et que tu acc\u00e8des \u00e0 d\u2019autres niveaux de ton \u00eatre.<\/span><\/p>\n<p><span style=\"font-weight: 400;\">Ce sont des sujets qui sont justement abord\u00e9s dans ce programme.<\/span>[\/vc_column_text][\/vc_tta_section][vc_tta_section title=&#8221;Si je n\u2019y arrive pas, ai-je la possibilit\u00e9 d\u2019avoir une assistance ?&#8221; tab_id=&#8221;1760005172160-ff16a137-7cbc&#8221;][vc_column_text css=&#8221;&#8221;]<span style=\"font-weight: 400;\">Oui, bien s\u00fbr. En tant que souscripteur, tu as la possibilit\u00e9 d\u2019avoir deux types d\u2019assistance\u00a0:<\/span><\/p>\n<ul>\n<li style=\"font-weight: 400;\" aria-level=\"1\"><span style=\"font-weight: 400;\">Tu peux me contacter et poser tes questions par mail<\/span><span style=\"font-weight: 400;\">. Ce support est fourni et inclus dans ta souscription au programme.<\/span><\/li>\n<li style=\"font-weight: 400;\" aria-level=\"1\"><span style=\"font-weight: 400;\">Si tu as beaucoup de questions ou que tu souhaites un entretien <u>pour te guider dans ta pratique<\/u>, je peux te proposer un rendez-vous t\u00e9l\u00e9phonique via WhatsApp ou Zoom (Visioconf\u00e9rence). Ce type d&#8217;entretien est payant (<a href=\"https:\/\/www.lpmeditation.com\/en\/nos-tarifs\/\">plus d&#8217;infos dans la page Tarifs<\/a>).<\/span><\/li>\n<\/ul>\n<p><span style=\"font-weight: 400;\">Pour cela, tu peux solliciter un rendez-vous via le <a href=\"https:\/\/www.lpmeditation.com\/en\/contact\/\">formulaire de contact<\/a> en me proposant deux ou trois possibilit\u00e9s de rendez-vous. Les rendez-vous sont possibles du lundi au vendredi entre 14h et 20h (Heure de Paris), Tu dois tenir compte<\/span>\u00a0du d\u00e9calage horaire <span style=\"font-weight: 400;\">si tu habites dans une autre zone que l\u2019Europe.<\/span><\/p>\n<p><span style=\"font-weight: 400;\">Ce service est payant. Pour en savoir plus, <a href=\"https:\/\/www.lpmeditation.com\/en\/nos-tarifs\/\">clique ici pour consulter le tarif<\/a>.<\/span>[\/vc_column_text][\/vc_tta_section][vc_tta_section title=&#8221;Proposez-vous un acc\u00e8s dans une autre langue en dehors du fran\u00e7ais, de l\u2019espagnol et de l\u2019anglais ?&#8221; tab_id=&#8221;1760005354402-d8a85271-d5a4&#8243;][vc_column_text css=&#8221;&#8221;]<span style=\"font-weight: 400;\">Non, pas pour l\u2019instant.<\/span>[\/vc_column_text][\/vc_tta_section][vc_tta_section title=&#8221;Pourquoi dois-je payer ?&#8221; tab_id=&#8221;1760005378562-164c4a47-4439&#8243;][vc_column_text css=&#8221;&#8221;]<span style=\"font-weight: 400;\">D\u2019une part parce que concevoir un programme sur ce sujet a \u00e9t\u00e9, pour moi, un investissement important pour partager et rendre accessible cette m\u00e9thode au plus grand nombre de personnes dans diff\u00e9rents pays.<\/span><\/p>\n<p><span style=\"font-weight: 400;\">D\u2019autre part, tu fais \u00e9galement un investissement personnel pour le d\u00e9veloppement de ta conscience, une am\u00e9lioration de ta qualit\u00e9 de vie et tu te lances sur le chemin de la connaissance de soi.\u00a0<\/span><\/p>\n<p><span style=\"font-weight: 400;\">Cet investissement personnel va soutenir ta motivation \u00e0 suivre ce programme.<\/span><\/p>\n<p><span style=\"font-weight: 400;\">Par exp\u00e9rience, beaucoup de sites gratuits ou tout est fourni sans m\u00e9thode particuli\u00e8re ne sont pas r\u00e9ellement suivis de pratique dans le temps.\u00a0<\/span><\/p>\n<p><span style=\"font-weight: 400;\">L\u2019engouement du d\u00e9but est, en g\u00e9n\u00e9ral, tr\u00e8s vite abandonn\u00e9. Le temps est important et le \u00ab\u00a0je veux tout, tout de suite\u00a0\u00bb ne fonctionne pas dans ce domaine.\u00a0<\/span><\/p>\n<p><span style=\"font-weight: 400;\">Tu vas vivre des exp\u00e9riences et des \u00e9tats d\u2019\u00eatre tr\u00e8s forts \u00e0 certains moments mais pas forc\u00e9ment \u00e0 chaque m\u00e9ditation. La pratique et son suivi sont importants, il faut savoir<\/span><span style=\"font-weight: 400;\"> rester patient et motiv\u00e9. De plus, tu b\u00e9n\u00e9ficies d&#8217;une assistance que tu peux utiliser quand tu le souhaites.<\/span>[\/vc_column_text][\/vc_tta_section][\/vc_tta_accordion][vc_empty_space alter_height=&#8221;medium&#8221; hide_on_desktop=&#8221;&#8221; hide_on_notebook=&#8221;&#8221; hide_on_tablet=&#8221;&#8221; hide_on_mobile=&#8221;&#8221; css=&#8221;.vc_custom_1517820913187{margin-bottom: -1.1rem !important;}&#8221;][\/vc_column][\/vc_row][vc_row][vc_column icons_position=&#8221;left&#8221;][\/vc_column][\/vc_row]<\/p>\n<\/div>","protected":false},"excerpt":{"rendered":"<p>[vc_row full_width=&#8221;stretch_row&#8221; hide_bg_image_on_tablet=&#8221;&#8221; hide_bg_image_on_mobile=&#8221;&#8221;][vc_column icons_position=&#8221;left&#8221;][vc_empty_space alter_height=&#8221;medium&#8221; hide_on_desktop=&#8221;&#8221; hide_on_notebook=&#8221;&#8221; hide_on_tablet=&#8221;&#8221; hide_on_mobile=&#8221;&#8221; css=&#8221;.vc_custom_1517820913187{margin-bottom: -1.1rem !important;}&#8221;][vc_empty_space alter_height=&#8221;medium&#8221; hide_on_desktop=&#8221;&#8221; hide_on_notebook=&#8221;&#8221; hide_on_tablet=&#8221;&#8221; hide_on_mobile=&#8221;&#8221; css=&#8221;.vc_custom_1517820913187{margin-bottom: -1.1rem !important;}&#8221;][vc_column_text css=&#8221;&#8221;] Des questions ? Nous sommes l\u00e0 pour vous r\u00e9pondre. [\/vc_column_text][vc_empty_space alter_height=&#8221;medium&#8221; hide_on_desktop=&#8221;&#8221; hide_on_notebook=&#8221;&#8221;&hellip;<\/p>\n","protected":false},"author":1,"featured_media":0,"parent":0,"menu_order":0,"comment_status":"closed","ping_status":"closed","template":"","meta":{"footnotes":""},"class_list":["post-2803","page","type-page","status-publish","hentry"],"_links":{"self":[{"href":"https:\/\/www.lpmeditation.com\/en\/wp-json\/wp\/v2\/pages\/2803","targetHints":{"allow":["GET"]}}],"collection":[{"href":"https:\/\/www.lpmeditation.com\/en\/wp-json\/wp\/v2\/pages"}],"about":[{"href":"https:\/\/www.lpmeditation.com\/en\/wp-json\/wp\/v2\/types\/page"}],"author":[{"embeddable":true,"href":"https:\/\/www.lpmeditation.com\/en\/wp-json\/wp\/v2\/users\/1"}],"replies":[{"embeddable":true,"href":"https:\/\/www.lpmeditation.com\/en\/wp-json\/wp\/v2\/comments?post=2803"}],"version-history":[{"count":9,"href":"https:\/\/www.lpmeditation.com\/en\/wp-json\/wp\/v2\/pages\/2803\/revisions"}],"predecessor-version":[{"id":3850,"href":"https:\/\/www.lpmeditation.com\/en\/wp-json\/wp\/v2\/pages\/2803\/revisions\/3850"}],"wp:attachment":[{"href":"https:\/\/www.lpmeditation.com\/en\/wp-json\/wp\/v2\/media?parent=2803"}],"curies":[{"name":"wp","href":"https:\/\/api.w.org\/{rel}","templated":true}]}}