{"id":3864,"date":"2025-09-24T07:54:02","date_gmt":"2025-09-24T07:54:02","guid":{"rendered":"https:\/\/www.lpmeditation.com\/nos-tarifs\/"},"modified":"2026-03-11T11:21:04","modified_gmt":"2026-03-11T11:21:04","slug":"nos-tarifs","status":"publish","type":"page","link":"https:\/\/www.lpmeditation.com\/en\/nos-tarifs\/","title":{"rendered":"Nos tarifs"},"content":{"rendered":"<div class=\"wpb-content-wrapper\"><p>[vc_row full_width=&#8221;stretch_row&#8221; hide_bg_image_on_tablet=&#8221;&#8221; hide_bg_image_on_mobile=&#8221;&#8221;][vc_column icons_position=&#8221;left&#8221;][vc_empty_space hide_on_desktop=&#8221;&#8221; hide_on_notebook=&#8221;&#8221; hide_on_tablet=&#8221;&#8221; hide_on_mobile=&#8221;&#8221;][vc_empty_space hide_on_desktop=&#8221;&#8221; hide_on_notebook=&#8221;&#8221; hide_on_tablet=&#8221;&#8221; hide_on_mobile=&#8221;&#8221;]<div id=\"sc_icons_272682966\" \r\n\tclass=\"sc_icons sc_icons_default sc_icons_size_small sc_align_center\"><h3 class=\"sc_item_title sc_icons_title sc_align_center sc_item_title_style_default\">Nos Offres et Tarifs<\/h3><div class=\"sc_icons_columns_wrap sc_item_columns trx_addons_columns_wrap columns_padding_bottom\"><div class=\"trx_addons_column-1_3\"><div class=\"sc_icons_item sc_icons_item_linked\"><div id=\"sc_icons_272682966_icon-child\" class=\"sc_icons_icon sc_icon_type_ icon-child\"\r\n\t\t\t\t\t\t\t\t\t\t\t\t><span class=\"sc_icon_type_ icon-child\"><\/span><\/div><h4 class=\"sc_icons_item_title\"><span>Offre d'Essai<\/span><\/h4><div class=\"sc_icons_item_description\"><span>Souscription Test <\/span><span>7 jours Sans Engagement<\/span><\/div><a href=\"https:\/\/www.lpmeditation.com\/inscription\/offre-dessai\/\" class=\"sc_icons_item_link\"><\/a><\/div><\/div><div class=\"trx_addons_column-1_3\"><div class=\"sc_icons_item sc_icons_item_linked\"><div id=\"sc_icons_272682966_icon-spin5\" class=\"sc_icons_icon sc_icon_type_ icon-spin5\"\r\n\t\t\t\t\t\t\t\t\t\t\t\t><span class=\"sc_icon_type_ icon-spin5\"><\/span><\/div><h4 class=\"sc_icons_item_title\"><span>Basique<\/span><\/h4><div class=\"sc_icons_item_description\"><span>Souscription Basique<\/span><\/div><a href=\"https:\/\/www.lpmeditation.com\/inscription\/basique\/\" class=\"sc_icons_item_link\"><\/a><\/div><\/div><div class=\"trx_addons_column-1_3\"><div class=\"sc_icons_item sc_icons_item_linked\"><div id=\"sc_icons_272682966_icon-star\" class=\"sc_icons_icon sc_icon_type_ icon-star\"\r\n\t\t\t\t\t\t\t\t\t\t\t\t><span class=\"sc_icon_type_ icon-star\"><\/span><\/div><h4 class=\"sc_icons_item_title\"><span>Standard<\/span><\/h4><div class=\"sc_icons_item_description\"><span>Souscription Standard<\/span><\/div><a href=\"https:\/\/www.lpmeditation.com\/inscription\/standard\/\" class=\"sc_icons_item_link\"><\/a><\/div><\/div><\/div><\/div><!-- \/.sc_icons -->[\/vc_column][\/vc_row][vc_row full_width=&#8221;stretch_row&#8221; gap=&#8221;10&#8243;][vc_column width=&#8221;1\/3&#8243; fix_column=&#8221;&#8221; hide_bg_image_on_tablet=&#8221;&#8221; hide_bg_image_on_mobile=&#8221;&#8221; icons_position=&#8221;left&#8221;][vc_pricing_table heading=&#8221;Offre TEST&#8221; subheading=&#8221;Essai sans Engagement&#8221; currency=&#8221;\u20ac&#8221; price=&#8221;0&#8243; period=&#8221;&#8221; markers_color=&#8221;#51F162&#8243; css=&#8221;.vc_custom_1768329337308{background-color: #ECECEC00 !important;border-color: #51F162 !important;}&#8221;]<strong>Offre D\u00e9couverte accessible \u00e0 tous<\/strong><\/p>\n<ul class=\"wpb-plan-features\">\n<li>2 m\u00e9ditations incluant 1 m\u00e9ditation guid\u00e9e et une avec musique<\/li>\n<li>Conseils<\/li>\n<li>Pas d&#8217;assistance<\/li>\n<li>Acc\u00e8s 2 semaines<\/li>\n<\/ul>\n<p>[\/vc_pricing_table][vc_empty_space hide_on_desktop=&#8221;&#8221; hide_on_notebook=&#8221;&#8221; hide_on_tablet=&#8221;&#8221; hide_on_mobile=&#8221;&#8221;][\/vc_column][vc_column width=&#8221;1\/3&#8243; icons_position=&#8221;left&#8221;][vc_pricing_table heading=&#8221;Offre Basique&#8221; subheading=&#8221;Soit 69 \u20ac\/An (paiement annuel)&#8221; currency=&#8221;\u20ac&#8221; price=&#8221;5,75&#8243; period=&#8221;\/Mois&#8221; css=&#8221;.vc_custom_1768329486467{background-color: #ECECEC00 !important;border-color: #5188F1 !important;}&#8221;]<strong>Pratiquer sans la m\u00e9thode compl\u00e8te<\/strong><\/p>\n<ul class=\"wpb-plan-features\">\n<li>2 m\u00e9ditations par mois incluant 1 m\u00e9ditation guid\u00e9e et une avec musique<\/li>\n<li>Quelques conseils li\u00e9s \u00e0 la m\u00e9thode<\/li>\n<li>Assistance par mail<\/li>\n<li>Paiement annuel<\/li>\n<li>Pas de reconduction automatique<\/li>\n<li>Acc\u00e8s entretien individuel<br \/>\n(voir offre ci-dessous)<\/li>\n<\/ul>\n<p>[\/vc_pricing_table][vc_empty_space hide_on_desktop=&#8221;&#8221; hide_on_notebook=&#8221;&#8221; hide_on_tablet=&#8221;&#8221; hide_on_mobile=&#8221;&#8221;][\/vc_column][vc_column width=&#8221;1\/3&#8243; icons_position=&#8221;left&#8221;][vc_pricing_table heading=&#8221;Offre Standard&#8221; subheading=&#8221;Soit 111 \u20ac\/An (paiement annuel)&#8221; currency=&#8221;\u20ac&#8221; price=&#8221;9,25&#8243; period=&#8221;\/Mois&#8221; markers_color=&#8221;#F1CB51&#8243; css=&#8221;.vc_custom_1768329498723{background-color: #F3F0F000 !important;border-color: #F1CB51 !important;}&#8221;]<strong>Offre Compl\u00e8te accessible \u00e0 tous<\/strong><\/p>\n<ul class=\"wpb-plan-features\">\n<li>2 m\u00e9ditations par mois incluant 1 m\u00e9ditation guid\u00e9e et une avec musique<\/li>\n<li>M\u00e9thode compl\u00e8te permettant une progression dans la pratique<\/li>\n<li>Exercices particuliers pour d\u00e9velopper sa conscience<\/li>\n<li>Conseils<\/li>\n<li>Documents inspirants<\/li>\n<li>Assistance par mail<\/li>\n<li>Paiement annuel<\/li>\n<li>Pas de reconduction automatique<\/li>\n<li>Acc\u00e8s entretien individuel<br \/>\n(voir offre ci-dessous)<\/li>\n<\/ul>\n<p>[\/vc_pricing_table][vc_empty_space hide_on_desktop=&#8221;&#8221; hide_on_notebook=&#8221;&#8221; hide_on_tablet=&#8221;&#8221; hide_on_mobile=&#8221;&#8221;][\/vc_column][\/vc_row][vc_row][vc_column width=&#8221;1\/6&#8243; hide_bg_image_on_tablet=&#8221;&#8221; hide_bg_image_on_mobile=&#8221;&#8221; icons_position=&#8221;left&#8221;][vc_empty_space hide_on_desktop=&#8221;&#8221; hide_on_notebook=&#8221;&#8221; hide_on_tablet=&#8221;&#8221; hide_on_mobile=&#8221;&#8221;][\/vc_column][vc_column width=&#8221;2\/3&#8243; icons_position=&#8221;left&#8221;][vc_pricing_table heading=&#8221;Entretien via WhatsApp ou Zoom&#8221; subheading=&#8221;Pour les abonn\u00e9s (Offres Basique et Standard)&#8221; currency=&#8221;\u20ac&#8221; price=&#8221;20&#8243; period=&#8221;Jusqu&#8217;\u00e0 20 mn&#8221; markers_color=&#8221;#F53CB0&#8243; add_button=&#8221;&#8221; css=&#8221;.vc_custom_1768347228363{background-color: #FFFFFF !important;border-color: #F53CB0 !important;}&#8221;]<\/p>\n<ul class=\"wpb-plan-features\">\n<li>Conseils<\/li>\n<li>Accompagnement<\/li>\n<li>R\u00e9ponses \u00e0 vos questions personnelles<\/li>\n<li>Jusqu&#8217;\u00e0 20 minutes d&#8217;entretien<\/li>\n<li>Accessible dans les abonnements basique et standard<\/li>\n<li>Prix par entretien<\/li>\n<\/ul>\n<p>[\/vc_pricing_table][\/vc_column][vc_column width=&#8221;1\/6&#8243; icons_position=&#8221;left&#8221;][vc_empty_space hide_on_desktop=&#8221;&#8221; hide_on_notebook=&#8221;&#8221; hide_on_tablet=&#8221;&#8221; hide_on_mobile=&#8221;&#8221;][\/vc_column][\/vc_row]<\/p>\n<\/div>","protected":false},"excerpt":{"rendered":"<p>[vc_row full_width=&#8221;stretch_row&#8221; hide_bg_image_on_tablet=&#8221;&#8221; hide_bg_image_on_mobile=&#8221;&#8221;][vc_column icons_position=&#8221;left&#8221;][vc_empty_space hide_on_desktop=&#8221;&#8221; hide_on_notebook=&#8221;&#8221; hide_on_tablet=&#8221;&#8221; hide_on_mobile=&#8221;&#8221;][vc_empty_space hide_on_desktop=&#8221;&#8221; hide_on_notebook=&#8221;&#8221; hide_on_tablet=&#8221;&#8221; hide_on_mobile=&#8221;&#8221;][\/vc_column][\/vc_row][vc_row full_width=&#8221;stretch_row&#8221; gap=&#8221;10&#8243;][vc_column width=&#8221;1\/3&#8243; fix_column=&#8221;&#8221; hide_bg_image_on_tablet=&#8221;&#8221; hide_bg_image_on_mobile=&#8221;&#8221; icons_position=&#8221;left&#8221;][vc_pricing_table heading=&#8221;Offre TEST&#8221; subheading=&#8221;Essai sans Engagement&#8221; currency=&#8221;\u20ac&#8221; price=&#8221;0&#8243; period=&#8221;&#8221; markers_color=&#8221;#51F162&#8243; css=&#8221;.vc_custom_1768329337308{background-color: #ECECEC00 !important;border-color: #51F162 !important;}&#8221;]Offre D\u00e9couverte&hellip;<\/p>\n","protected":false},"author":1,"featured_media":0,"parent":0,"menu_order":0,"comment_status":"closed","ping_status":"closed","template":"","meta":{"footnotes":""},"class_list":["post-3864","page","type-page","status-publish","hentry"],"_links":{"self":[{"href":"https:\/\/www.lpmeditation.com\/en\/wp-json\/wp\/v2\/pages\/3864","targetHints":{"allow":["GET"]}}],"collection":[{"href":"https:\/\/www.lpmeditation.com\/en\/wp-json\/wp\/v2\/pages"}],"about":[{"href":"https:\/\/www.lpmeditation.com\/en\/wp-json\/wp\/v2\/types\/page"}],"author":[{"embeddable":true,"href":"https:\/\/www.lpmeditation.com\/en\/wp-json\/wp\/v2\/users\/1"}],"replies":[{"embeddable":true,"href":"https:\/\/www.lpmeditation.com\/en\/wp-json\/wp\/v2\/comments?post=3864"}],"version-history":[{"count":1,"href":"https:\/\/www.lpmeditation.com\/en\/wp-json\/wp\/v2\/pages\/3864\/revisions"}],"predecessor-version":[{"id":3865,"href":"https:\/\/www.lpmeditation.com\/en\/wp-json\/wp\/v2\/pages\/3864\/revisions\/3865"}],"wp:attachment":[{"href":"https:\/\/www.lpmeditation.com\/en\/wp-json\/wp\/v2\/media?parent=3864"}],"curies":[{"name":"wp","href":"https:\/\/api.w.org\/{rel}","templated":true}]}}