{"id":3869,"date":"2025-11-25T21:10:47","date_gmt":"2025-11-25T21:10:47","guid":{"rendered":"https:\/\/www.lpmeditation.com\/les-raisons-de-mediter\/"},"modified":"2026-03-11T11:23:29","modified_gmt":"2026-03-11T11:23:29","slug":"les-raisons-de-mediter","status":"publish","type":"page","link":"https:\/\/www.lpmeditation.com\/en\/les-raisons-de-mediter\/","title":{"rendered":"Les Raisons de M\u00e9diter"},"content":{"rendered":"<div class=\"wpb-content-wrapper\"><p>[vc_row full_width=&#8221;stretch_row&#8221; hide_bg_image_on_tablet=&#8221;&#8221; hide_bg_image_on_mobile=&#8221;&#8221; row_delimiter=&#8221;&#8221; hide_on_desktop=&#8221;&#8221; hide_on_notebook=&#8221;&#8221; hide_on_tablet=&#8221;&#8221; hide_on_mobile=&#8221;&#8221; hide_on_frontpage=&#8221;&#8221;][vc_column fix_column=&#8221;&#8221; hide_bg_image_on_tablet=&#8221;&#8221; hide_bg_image_on_mobile=&#8221;&#8221; icons_position=&#8221;left&#8221;][vc_empty_space alter_height=&#8221;medium&#8221; hide_on_desktop=&#8221;&#8221; hide_on_notebook=&#8221;&#8221; hide_on_tablet=&#8221;&#8221; hide_on_mobile=&#8221;&#8221; css=&#8221;.vc_custom_1517820913187{margin-bottom: -1.1rem !important;}&#8221;]<div id=\"sc_title_197236719\"\r\n\t\tclass=\"sc_title color_style_default sc_title_default\"><h3 class=\"sc_item_title sc_title_title sc_align_center sc_item_title_style_default\">Pourquoi M\u00e9diter ?<\/h3><\/div><!-- \/.sc_title -->[vc_empty_space alter_height=&#8221;medium&#8221; hide_on_desktop=&#8221;&#8221; hide_on_notebook=&#8221;&#8221; hide_on_tablet=&#8221;&#8221; hide_on_mobile=&#8221;&#8221; css=&#8221;.vc_custom_1517820913187{margin-bottom: -1.1rem !important;}&#8221;][\/vc_column][\/vc_row][vc_row][vc_column icons_position=&#8221;left&#8221;][vc_column_text css=&#8221;&#8221;]<\/p>\n<h2><img loading=\"lazy\" decoding=\"async\" class=\"alignnone wp-image-3627 size-great_lotus-thumb-huge aligncenter\" src=\"https:\/\/www.lpmeditation.com\/wp-content\/uploads\/2025\/12\/sage-friedman-HS5CLnQbCOc-unsplash-1170x658.jpg\" alt=\"\" width=\"1170\" height=\"658\" srcset=\"https:\/\/www.lpmeditation.com\/wp-content\/uploads\/2025\/12\/sage-friedman-HS5CLnQbCOc-unsplash-1170x658.jpg 1170w, https:\/\/www.lpmeditation.com\/wp-content\/uploads\/2025\/12\/sage-friedman-HS5CLnQbCOc-unsplash-270x152.jpg 270w, https:\/\/www.lpmeditation.com\/wp-content\/uploads\/2025\/12\/sage-friedman-HS5CLnQbCOc-unsplash-540x304.jpg 540w\" sizes=\"auto, (max-width: 1170px) 100vw, 1170px\" \/><\/h2>\n<p align=\"Justify\">\n<\/p>\n<p align=\"Justify\">La m\u00e9ditation peut nous permettre d\u2019exp\u00e9rimenter une autre relation \u00e0 soi, une connexion \u00e0 notre esprit et notre moi sup\u00e9rieur. L\u2019\u00e9tat m\u00e9ditatif nous apporte une relation diff\u00e9rente avec, ce que j\u2019appelle, notre espace int\u00e9rieur, nous permettant d\u2019avoir une distance par rapport \u00e0 notre environnement, nos relations et les diff\u00e9rentes situations de la vie. <\/p>\n<p align=\"Justify\">Cette pratique am\u00e8ne rapidement un calme et une tranquillit\u00e9 int\u00e9rieure pour aborder notre vie quotidienne plus sereinement.<\/p>\n<h2 id=\"effets\">Des Effets Positifs<\/h2>\n<p align=\"Justify\"><img loading=\"lazy\" decoding=\"async\" class=\"wp-image-3192 alignleft\" src=\"https:\/\/www.lpmeditation.com\/wp-content\/uploads\/2025\/11\/8658440_1280-2-4-300x263.jpg\" alt=\"\" width=\"407\" height=\"356\" srcset=\"https:\/\/www.lpmeditation.com\/wp-content\/uploads\/2025\/11\/8658440_1280-2-4-300x263.jpg 300w, https:\/\/www.lpmeditation.com\/wp-content\/uploads\/2025\/11\/8658440_1280-2-4-1024x896.jpg 1024w, https:\/\/www.lpmeditation.com\/wp-content\/uploads\/2025\/11\/8658440_1280-2-4-768x672.jpg 768w, https:\/\/www.lpmeditation.com\/wp-content\/uploads\/2025\/11\/8658440_1280-2-4-370x324.jpg 370w, https:\/\/www.lpmeditation.com\/wp-content\/uploads\/2025\/11\/8658440_1280-2-4-770x674.jpg 770w, https:\/\/www.lpmeditation.com\/wp-content\/uploads\/2025\/11\/8658440_1280-2-4-740x648.jpg 740w, https:\/\/www.lpmeditation.com\/wp-content\/uploads\/2025\/11\/8658440_1280-2-4.jpg 1280w\" sizes=\"auto, (max-width: 407px) 100vw, 407px\" \/><\/p>\n<p align=\"Justify\">Il existe de nombreux effets positifs que procure la pratique r\u00e9guli\u00e8re de la m\u00e9ditation. Ces effets peuvent \u00eatre examin\u00e9s \u00e0 diff\u00e9rents niveaux : <\/p>\n<p align=\"Justify\">Au niveau du corps, de la sant\u00e9 physique, la m\u00e9ditation permet une d\u00e9tente importante et une fluidit\u00e9 de fonctionnement aux niveaux \u00e9nerg\u00e9tiques et physiques. Beaucoup de maux et de probl\u00e8mes peuvent ainsi \u00eatre r\u00e9duits ou effac\u00e9s. <\/p>\n<p align=\"Justify\">Par exemple il a \u00e9t\u00e9 observ\u00e9 une nette am\u00e9lioration voire une disparition des sympt\u00f4mes dans les cas de tensions musculaires, de migraines, de r\u00e9gulation du sommeil, de douleurs physiques diverses, de probl\u00e8mes digestifs, etc.<\/p>\n<p align=\"Justify\">Au niveau psychologique, il a souvent \u00e9t\u00e9 observ\u00e9 une am\u00e9lioration dans le dialogue et la vision de la vie qui deviennent plus positif, une augmentation de l\u2019attention, de l\u2019\u00e9coute et de la concentration, une relation plus apais\u00e9e avec les autres, une meilleure compr\u00e9hension de l\u2019autre, une augmentation de l\u2019empathie, une plus grande cr\u00e9ativit\u00e9, plus de distance et une meilleure r\u00e9flexion face aux probl\u00e8mes de la vie, etc.<\/p>\n<p align=\"Justify\">Au niveau spirituel, ind\u00e9pendamment de toute croyance religieuse ou philosophique, une connexion plus profonde et plus tranquille avec ses origines, sa propre histoire personnelle, une augmentation des perceptions avec le divin pour certains voire le d\u00e9veloppement de certaines perceptions extra-sensorielles, etc.<\/p>\n<p align=\"Justify\">Tout d\u00e9pend de la pratique et de la recherche personnelle du m\u00e9ditant. Acc\u00e9der \u00e0 certains \u00e9tats profonds de m\u00e9ditation n\u2019est pas forc\u00e9ment d\u00e9pendant du temps. Certaines personnes y acc\u00e8dent plus rapidement que d\u2019autres. L\u2019important est d\u2019exp\u00e9rimenter le moment pr\u00e9sent et ce qui se pr\u00e9sente (ou pas), c\u2019est dans cet \u00e9tat d\u2019esprit que l\u2019on commence \u00e0 en sentir r\u00e9ellement les bienfaits.   <\/p>\n<h2 id=\"methode\">Une M\u00e9thode Efficace<\/h2>\n<p><!-- \/wp:post-content --><img loading=\"lazy\" decoding=\"async\" class=\"wp-image-3172 alignright\" style=\"color: #333333; font-family: Roboto, sans-serif; font-size: 14px;\" src=\"https:\/\/www.lpmeditation.com\/wp-content\/uploads\/2025\/11\/8563523_1280-300x169.jpg\" alt=\"\" width=\"515\" height=\"290\" srcset=\"https:\/\/www.lpmeditation.com\/wp-content\/uploads\/2025\/11\/8563523_1280-300x169.jpg 300w, https:\/\/www.lpmeditation.com\/wp-content\/uploads\/2025\/11\/8563523_1280-1024x576.jpg 1024w, https:\/\/www.lpmeditation.com\/wp-content\/uploads\/2025\/11\/8563523_1280-768x432.jpg 768w, https:\/\/www.lpmeditation.com\/wp-content\/uploads\/2025\/11\/8563523_1280-370x208.jpg 370w, https:\/\/www.lpmeditation.com\/wp-content\/uploads\/2025\/11\/8563523_1280-1170x658.jpg 1170w, https:\/\/www.lpmeditation.com\/wp-content\/uploads\/2025\/11\/8563523_1280-770x433.jpg 770w, https:\/\/www.lpmeditation.com\/wp-content\/uploads\/2025\/11\/8563523_1280-740x416.jpg 740w, https:\/\/www.lpmeditation.com\/wp-content\/uploads\/2025\/11\/8563523_1280-270x152.jpg 270w, https:\/\/www.lpmeditation.com\/wp-content\/uploads\/2025\/11\/8563523_1280-540x304.jpg 540w, https:\/\/www.lpmeditation.com\/wp-content\/uploads\/2025\/11\/8563523_1280.jpg 1280w\" sizes=\"auto, (max-width: 515px) 100vw, 515px\" \/><\/p>\n<p align=\"Justify\">Comme je vous l\u2019ai dit dans la <a href=\"https:\/\/www.lpmeditation.com\/en\/a-propos\/\" target=\"_blank\" rel=\"noopener\">Pr\u00e9sentation de mon exp\u00e9rience<\/a>, cette m\u00e9thode est issue de longues ann\u00e9es de recherche et de pratique.<\/p>\n<p align=\"Justify\">Comme dans tout domaine comme le sport ou autre, il faut pratiquer r\u00e9guli\u00e8rement pour en percevoir les effets et prendre conscience de ce que l\u2019on est r\u00e9ellement.<\/p>\n<p align=\"Justify\">M\u00e9diter quotidiennement, m\u00eame 10 \u00e0 15 mn, est une bonne chose pour se connecter \u00e0 soi et apaiser son esprit, que ce soit le matin, dans la journ\u00e9e ou la soir\u00e9e. Mais pour moi, ce n\u2019est pas forc\u00e9ment obligatoire pour avoir des r\u00e9sultats. <\/p>\n<p align=\"Justify\">Ce que je conseille est de r\u00e9server du temps, un temps consacr\u00e9 \u00e0 soi-m\u00eame, sans perturbations, au moins une fois par semaine voire deux fois. Avec la pratique et si vous constatez que ces s\u00e9ances personnelles de m\u00e9ditations vous font du bien, vous pratiquerez plus souvent, naturellement, sans vous forcer. <\/p>\n<p align=\"Justify\">La position (la posture), la respiration et les diff\u00e9rents conseils que je vous donne dans ce programme sont importants et ont \u00e9t\u00e9 \u00e9prouv\u00e9s avec un grand nombre de pratiquants. Je vous conseille d\u2019essayer de suivre au mieux ce qui vous est propos\u00e9, surtout si vous d\u00e9butez. <\/p>\n<h2 id=\"pourqui\" align=\"Justify\">Pour Qui ?<\/h2>\n<p><img loading=\"lazy\" decoding=\"async\" class=\"wp-image-3525 alignleft\" src=\"https:\/\/www.lpmeditation.com\/wp-content\/uploads\/2025\/11\/BienEstar-18-300x243.jpg\" alt=\"\" width=\"367\" height=\"297\" srcset=\"https:\/\/www.lpmeditation.com\/wp-content\/uploads\/2025\/11\/BienEstar-18-300x243.jpg 300w, https:\/\/www.lpmeditation.com\/wp-content\/uploads\/2025\/11\/BienEstar-18-370x299.jpg 370w, https:\/\/www.lpmeditation.com\/wp-content\/uploads\/2025\/11\/BienEstar-18.jpg 409w\" sizes=\"auto, (max-width: 367px) 100vw, 367px\" \/><\/p>\n<p align=\"Justify\">Tout ce qui vous est propos\u00e9 est accessible \u00e0 tous, quel que soit votre \u00e2ge.<\/p>\n<p align=\"Justify\">Il n\u2019y a pas de restriction ni de danger particulier, il suffit de s\u2019assoir sur une chaise confortable puis de suivre les indications.<\/p>\n<p align=\"Justify\">Il n\u2019y a pas non plus d\u2019objectif \u00e0 atteindre, de niveau \u00e0 passer, d\u2019aptitude particuli\u00e8re \u00e0 avoir, etc. Vous n\u2019\u00eates pas oblig\u00e9 d\u2019aller dans la nature, au sommet d\u2019une montagne ou au bord de la mer pour m\u00e9diter efficacement. <\/p>\n<p align=\"Justify\">Avec ce programme, vous pouvez pratiquer n\u2019importe quand, n\u2019importe o\u00f9. Tranquillement chez vous, dans un g\u00eete, une chambre d\u2019h\u00f4tel voire dans un parc assis sur un banc si vous le souhaitez. Le matin, dans la journ\u00e9e ou le soir. Pour une meilleure efficacit\u00e9, \u00e9vitez de pratiquer la m\u00e9ditation juste apr\u00e8s un repas.   <\/p>\n<p>[\/vc_column_text][\/vc_column][\/vc_row]<\/p>\n<\/div>","protected":false},"excerpt":{"rendered":"<p>[vc_row full_width=&#8221;stretch_row&#8221; hide_bg_image_on_tablet=&#8221;&#8221; hide_bg_image_on_mobile=&#8221;&#8221; row_delimiter=&#8221;&#8221; hide_on_desktop=&#8221;&#8221; hide_on_notebook=&#8221;&#8221; hide_on_tablet=&#8221;&#8221; hide_on_mobile=&#8221;&#8221; hide_on_frontpage=&#8221;&#8221;][vc_column fix_column=&#8221;&#8221; hide_bg_image_on_tablet=&#8221;&#8221; hide_bg_image_on_mobile=&#8221;&#8221; icons_position=&#8221;left&#8221;][vc_empty_space alter_height=&#8221;medium&#8221; hide_on_desktop=&#8221;&#8221; hide_on_notebook=&#8221;&#8221; hide_on_tablet=&#8221;&#8221; hide_on_mobile=&#8221;&#8221; css=&#8221;.vc_custom_1517820913187{margin-bottom: -1.1rem !important;}&#8221;][vc_empty_space alter_height=&#8221;medium&#8221; hide_on_desktop=&#8221;&#8221; hide_on_notebook=&#8221;&#8221; hide_on_tablet=&#8221;&#8221; hide_on_mobile=&#8221;&#8221; css=&#8221;.vc_custom_1517820913187{margin-bottom: -1.1rem !important;}&#8221;][\/vc_column][\/vc_row][vc_row][vc_column icons_position=&#8221;left&#8221;][vc_column_text css=&#8221;&#8221;] La m\u00e9ditation peut&hellip;<\/p>\n","protected":false},"author":2,"featured_media":3277,"parent":0,"menu_order":0,"comment_status":"closed","ping_status":"closed","template":"","meta":{"footnotes":""},"class_list":["post-3869","page","type-page","status-publish","has-post-thumbnail","hentry"],"_links":{"self":[{"href":"https:\/\/www.lpmeditation.com\/en\/wp-json\/wp\/v2\/pages\/3869","targetHints":{"allow":["GET"]}}],"collection":[{"href":"https:\/\/www.lpmeditation.com\/en\/wp-json\/wp\/v2\/pages"}],"about":[{"href":"https:\/\/www.lpmeditation.com\/en\/wp-json\/wp\/v2\/types\/page"}],"author":[{"embeddable":true,"href":"https:\/\/www.lpmeditation.com\/en\/wp-json\/wp\/v2\/users\/2"}],"replies":[{"embeddable":true,"href":"https:\/\/www.lpmeditation.com\/en\/wp-json\/wp\/v2\/comments?post=3869"}],"version-history":[{"count":1,"href":"https:\/\/www.lpmeditation.com\/en\/wp-json\/wp\/v2\/pages\/3869\/revisions"}],"predecessor-version":[{"id":3870,"href":"https:\/\/www.lpmeditation.com\/en\/wp-json\/wp\/v2\/pages\/3869\/revisions\/3870"}],"wp:featuredmedia":[{"embeddable":true,"href":"https:\/\/www.lpmeditation.com\/en\/wp-json\/wp\/v2\/media\/3277"}],"wp:attachment":[{"href":"https:\/\/www.lpmeditation.com\/en\/wp-json\/wp\/v2\/media?parent=3869"}],"curies":[{"name":"wp","href":"https:\/\/api.w.org\/{rel}","templated":true}]}}