{"id":3860,"date":"2025-11-19T19:53:04","date_gmt":"2025-11-19T19:53:04","guid":{"rendered":"https:\/\/www.lpmeditation.com\/la-meditation\/"},"modified":"2026-03-11T11:26:56","modified_gmt":"2026-03-11T11:26:56","slug":"la-meditation","status":"publish","type":"page","link":"https:\/\/www.lpmeditation.com\/es\/la-meditation\/","title":{"rendered":"La M\u00e9ditation"},"content":{"rendered":"<div class=\"wpb-content-wrapper\"><p>[vc_row full_width=\u00bbstretch_row\u00bb hide_bg_image_on_tablet=\u00bb\u00bb hide_bg_image_on_mobile=\u00bb\u00bb row_delimiter=\u00bb\u00bb hide_on_desktop=\u00bb\u00bb hide_on_notebook=\u00bb\u00bb hide_on_tablet=\u00bb\u00bb hide_on_mobile=\u00bb\u00bb hide_on_frontpage=\u00bb\u00bb][vc_column fix_column=\u00bb\u00bb hide_bg_image_on_tablet=\u00bb\u00bb hide_bg_image_on_mobile=\u00bb\u00bb icons_position=\u00bbleft\u00bb][vc_empty_space alter_height=\u00bbmedium\u00bb hide_on_desktop=\u00bb\u00bb hide_on_notebook=\u00bb\u00bb hide_on_tablet=\u00bb\u00bb hide_on_mobile=\u00bb\u00bb css=\u00bb.vc_custom_1517820913187{margin-bottom: -1.1rem !important;}\u00bb]<div id=\"sc_title_1725133078\"\r\n\t\tclass=\"sc_title color_style_default sc_title_default\"><h3 class=\"sc_item_title sc_title_title sc_align_center sc_item_title_style_default\">Qu'est-ce que la M\u00e9ditation ?<\/h3><\/div><!-- \/.sc_title -->[vc_empty_space alter_height=\u00bbmedium\u00bb hide_on_desktop=\u00bb\u00bb hide_on_notebook=\u00bb\u00bb hide_on_tablet=\u00bb\u00bb hide_on_mobile=\u00bb\u00bb css=\u00bb.vc_custom_1517820913187{margin-bottom: -1.1rem !important;}\u00bb][\/vc_column][\/vc_row][vc_row content_placement=\u00bbtop\u00bb hide_bg_image_on_tablet=\u00bb\u00bb hide_bg_image_on_mobile=\u00bb\u00bb row_delimiter=\u00bb\u00bb hide_on_desktop=\u00bb\u00bb hide_on_notebook=\u00bb\u00bb hide_on_tablet=\u00bb\u00bb hide_on_mobile=\u00bb\u00bb hide_on_frontpage=\u00bb\u00bb][vc_column icons_position=\u00bbleft\u00bb][vc_column_text css=\u00bb\u00bb]<\/p>\n<p><img loading=\"lazy\" decoding=\"async\" class=\"alignnone wp-image-3276 size-great_lotus-thumb-courses-@retina\" style=\"color: #333333; font-family: Roboto, sans-serif; font-size: 14px;\" src=\"https:\/\/www.lpmeditation.com\/wp-content\/uploads\/2025\/11\/zen-8664327_1920-1140x840.jpg\" alt=\"\" width=\"1140\" height=\"840\" srcset=\"https:\/\/www.lpmeditation.com\/wp-content\/uploads\/2025\/11\/zen-8664327_1920-1140x840.jpg 1140w, https:\/\/www.lpmeditation.com\/wp-content\/uploads\/2025\/11\/zen-8664327_1920-570x420.jpg 570w\" sizes=\"auto, (max-width: 1140px) 100vw, 1140px\" \/><\/p>\n<h3>Tout d\u2019abord, un peu d\u2019histoire<\/h3>\n<div align=\"Justify\">\nEn fait, le terme de m\u00e9ditation est venu surtout du yoga. Le terme tient une place essentielle dans le yoga et appartient aux principes de base, directement puis\u00e9s dans les Yoga Sutras de Patanjali.<br\/>Il existe plusieurs mani\u00e8res de m\u00e9diter, plusieurs fa\u00e7ons de m\u00e9diter dans le yoga, dont certaines postures s&#8217;y pr\u00eatent plus que d&#8217;autres sp\u00e9cialement \u00e9tudi\u00e9es pour la m\u00e9ditation, notamment dans le Hatha Yoga, le Mantra Yoga et le Kundalini Yoga.<br\/>Il y a une petite r\u00e9flexion que j&#8217;aime bien citer qui dit \u00ab Si quelqu&#8217;un pratique le yoga, le mental n&#8217;en sera pas transform\u00e9 le moins du monde. C&#8217;est seulement lorsqu&#8217;on ne fait plus d&#8217;efforts que l&#8217;on est sur le chemin de l&#8217;infini\u00a0\u00bb. J&#8217;aime bien cette citation puisque l&#8217;objectif du yoga est d&#8217;atteindre le Nirvana ou le Samadhi. En fait, Nirvana est un terme sanscrit qui \u00e9voque l&#8217;action d&#8217;un souffle \u00e9teignant une flamme.<br\/>C&#8217;est l&#8217;extinction de la flamme de la conscience du moi, c&#8217;est l&#8217;abolition de l&#8217;ignorance. Cette d\u00e9livrance nous r\u00e9v\u00e8le une pl\u00e9nitude.<br\/>Voil\u00e0 un petit peu comment le yoga d\u00e9finit la m\u00e9ditation, le yoga regroupant diff\u00e9rentes pratiques de visualisation, des postures mentales, etc. pour arriver \u00e0 cet \u00e9veil, cet \u00e9veil que l&#8217;on retrouve aussi dans le Zen. Le Zen est, selon Gautama Siddhartha, le Bouddha, la voie qui m\u00e8ne \u00e0 l&#8217;\u00e9veil.<br\/>Cette voie est issue de l&#8217;exp\u00e9rience du Bouddha en Inde du Nord, mais elle s&#8217;est tr\u00e8s vite r\u00e9pandue en Chine, puis en Cor\u00e9e, au Vietnam et au Japon.<br\/>La m\u00e9ditation Zen d\u00e9coule de la posture qui est utilis\u00e9e et qui s&#8217;appelle zazen, pour m\u00e9diter, et qui rappelle la posture du Bouddha. Le Zen a aussi comme objectif d&#8217;arriver au Satori, qui est un terme japonais, qui pourrait \u00eatre traduit en fran\u00e7ais de la fa\u00e7on suivante, voire en sa propre nature. Le Satori est comparable aussi au nirvana pour les hindouistes.<p><img loading=\"lazy\" decoding=\"async\" class=\"alignnone wp-image-3320\" style=\"color: #333333; font-family: Roboto, sans-serif; font-size: 14px;\" src=\"https:\/\/www.lpmeditation.com\/wp-content\/uploads\/2025\/11\/relaxation-5356803_19202-740x570.jpg\" alt=\"\" width=\"601\" height=\"463\" srcset=\"https:\/\/www.lpmeditation.com\/wp-content\/uploads\/2025\/11\/relaxation-5356803_19202-740x570.jpg 740w, https:\/\/www.lpmeditation.com\/wp-content\/uploads\/2025\/11\/relaxation-5356803_19202-370x285.jpg 370w\" sizes=\"auto, (max-width: 601px) 100vw, 601px\" \/><\/p>\n<div align=\"Justify\">La m\u00e9ditation et la relaxation ont des points en commun : Une d\u00e9tente profonde du corps et de l\u2019esprit.<br \/>Cependant, lors d\u2019une relaxation, le corps se d\u00e9tend. La personne qui est en \u00e9tat de relaxation a tendance \u00e0 \u00eatre entrain\u00e9e par ses pens\u00e9es voire \u00e0 r\u00eaver. Si la relaxation est profonde, celle-ci va entrer dans un sommeil profond et r\u00e9cup\u00e9rateur.  <\/div>\n<div align=\"Justify\">Lors d\u2019une m\u00e9ditation, le pratiquant reste conscient de ses pens\u00e9es, de son corps. Il peut avoir un d\u00e9veloppement de son imaginaire, diff\u00e9rent des r\u00eaves car il peut arr\u00eater ce processus \u00e0 tout moment. Il peut \u00e9ventuellement acc\u00e9der \u00e0 des visions pr\u00e9cises le concernant ou concernant son environnement, sa vie et arr\u00eater l\u2019exp\u00e9rience quand il le souhaite.<br \/>Tout est dans l\u2019attention \u00e0 soi, ce qui fait une grande diff\u00e9rence avec la relaxation qui, pour sa part, reste grandement b\u00e9n\u00e9fique pour qui la pratique.  <\/div>\n<h2 id=\"relationce\">Relations entre le Corps et l\u2019Esprit<\/h2>\n<p><img loading=\"lazy\" decoding=\"async\" class=\"alignnone wp-image-2767\" src=\"https:\/\/www.lpmeditation.com\/wp-content\/uploads\/2025\/08\/pexels-cottonbro-4327028-300x200.jpg\" alt=\"\" width=\"600\" height=\"400\" srcset=\"https:\/\/www.lpmeditation.com\/wp-content\/uploads\/2025\/08\/pexels-cottonbro-4327028-300x200.jpg 300w, https:\/\/www.lpmeditation.com\/wp-content\/uploads\/2025\/08\/pexels-cottonbro-4327028-1024x683.jpg 1024w, https:\/\/www.lpmeditation.com\/wp-content\/uploads\/2025\/08\/pexels-cottonbro-4327028-768x512.jpg 768w, https:\/\/www.lpmeditation.com\/wp-content\/uploads\/2025\/08\/pexels-cottonbro-4327028-1536x1024.jpg 1536w, https:\/\/www.lpmeditation.com\/wp-content\/uploads\/2025\/08\/pexels-cottonbro-4327028-2048x1365.jpg 2048w, https:\/\/www.lpmeditation.com\/wp-content\/uploads\/2025\/08\/pexels-cottonbro-4327028-370x247.jpg 370w\" sizes=\"auto, (max-width: 600px) 100vw, 600px\" \/><\/p>\n<div align=\"Justify\">Il existe une relation intrins\u00e8que entre le corps et l\u2019esprit et aujourd\u2019hui, un grand nombre d\u2019\u00e9tudes l\u2019ont d\u00e9montr\u00e9 dans diff\u00e9rents domaines, notamment dans les neurosciences.<br \/>On peut le remarquer lors de relaxations profondes, plus le corps se d\u00e9tend et plus l\u2019esprit de la personne se tranquillise, devient limpide face \u00e0 ses r\u00e9flexions, ses pens\u00e9es, etc.<br \/>Il en est de m\u00eame lors de s\u00e9ances de m\u00e9ditations, lorsque les pratiquants expriment leurs exp\u00e9riences. Il revient tr\u00e8s souvent une sensation de l\u00e9g\u00e8ret\u00e9, de sensations agr\u00e9ables du corps physique voire, d\u2019expansion des sens et de la perception, \u2026 <\/div>\n<div align=\"Justify\">Lorsque l\u2019on est stress\u00e9, \u00e9nerv\u00e9, en col\u00e8re, tendu, le corps physique se contracte et il est souvent difficile d\u2019avoir une conversation ouverte avec ces personnes. L\u2019esprit est focalis\u00e9 sur des pens\u00e9es et id\u00e9es n\u00e9gatives, elles sont ferm\u00e9es au dialogue ou \u00e0 tout dialogue pouvant envisager d\u2019autres solutions pour changer une situation.<br \/>L\u2019esprit et le mental sont li\u00e9s mais ne sont pas tout \u00e0 fait la m\u00eame chose, c\u2019est un sujet qui sera abord\u00e9 dans ce programme. <\/div>\n<p>[\/vc_column_text][\/vc_column][\/vc_row]<\/p>\n<\/div>","protected":false},"excerpt":{"rendered":"<p>[vc_row full_width=\u00bbstretch_row\u00bb hide_bg_image_on_tablet=\u00bb\u00bb hide_bg_image_on_mobile=\u00bb\u00bb row_delimiter=\u00bb\u00bb hide_on_desktop=\u00bb\u00bb hide_on_notebook=\u00bb\u00bb hide_on_tablet=\u00bb\u00bb hide_on_mobile=\u00bb\u00bb hide_on_frontpage=\u00bb\u00bb][vc_column fix_column=\u00bb\u00bb hide_bg_image_on_tablet=\u00bb\u00bb hide_bg_image_on_mobile=\u00bb\u00bb icons_position=\u00bbleft\u00bb][vc_empty_space alter_height=\u00bbmedium\u00bb hide_on_desktop=\u00bb\u00bb hide_on_notebook=\u00bb\u00bb hide_on_tablet=\u00bb\u00bb hide_on_mobile=\u00bb\u00bb css=\u00bb.vc_custom_1517820913187{margin-bottom: -1.1rem !important;}\u00bb][vc_empty_space alter_height=\u00bbmedium\u00bb hide_on_desktop=\u00bb\u00bb hide_on_notebook=\u00bb\u00bb hide_on_tablet=\u00bb\u00bb hide_on_mobile=\u00bb\u00bb css=\u00bb.vc_custom_1517820913187{margin-bottom: -1.1rem !important;}\u00bb][\/vc_column][\/vc_row][vc_row content_placement=\u00bbtop\u00bb hide_bg_image_on_tablet=\u00bb\u00bb hide_bg_image_on_mobile=\u00bb\u00bb row_delimiter=\u00bb\u00bb hide_on_desktop=\u00bb\u00bb&hellip;<\/p>\n","protected":false},"author":2,"featured_media":3278,"parent":0,"menu_order":0,"comment_status":"closed","ping_status":"closed","template":"","meta":{"footnotes":""},"class_list":["post-3860","page","type-page","status-publish","has-post-thumbnail","hentry"],"_links":{"self":[{"href":"https:\/\/www.lpmeditation.com\/es\/wp-json\/wp\/v2\/pages\/3860","targetHints":{"allow":["GET"]}}],"collection":[{"href":"https:\/\/www.lpmeditation.com\/es\/wp-json\/wp\/v2\/pages"}],"about":[{"href":"https:\/\/www.lpmeditation.com\/es\/wp-json\/wp\/v2\/types\/page"}],"author":[{"embeddable":true,"href":"https:\/\/www.lpmeditation.com\/es\/wp-json\/wp\/v2\/users\/2"}],"replies":[{"embeddable":true,"href":"https:\/\/www.lpmeditation.com\/es\/wp-json\/wp\/v2\/comments?post=3860"}],"version-history":[{"count":5,"href":"https:\/\/www.lpmeditation.com\/es\/wp-json\/wp\/v2\/pages\/3860\/revisions"}],"predecessor-version":[{"id":3876,"href":"https:\/\/www.lpmeditation.com\/es\/wp-json\/wp\/v2\/pages\/3860\/revisions\/3876"}],"wp:featuredmedia":[{"embeddable":true,"href":"https:\/\/www.lpmeditation.com\/es\/wp-json\/wp\/v2\/media\/3278"}],"wp:attachment":[{"href":"https:\/\/www.lpmeditation.com\/es\/wp-json\/wp\/v2\/media?parent=3860"}],"curies":[{"name":"wp","href":"https:\/\/api.w.org\/{rel}","templated":true}]}}