{"id":3871,"date":"2025-11-25T21:10:47","date_gmt":"2025-11-25T21:10:47","guid":{"rendered":"https:\/\/www.lpmeditation.com\/las-razones-para-meditar\/"},"modified":"2026-03-11T11:24:11","modified_gmt":"2026-03-11T11:24:11","slug":"las-razones-para-meditar","status":"publish","type":"page","link":"https:\/\/www.lpmeditation.com\/es\/las-razones-para-meditar\/","title":{"rendered":"Las Razones para Meditar"},"content":{"rendered":"<div class=\"wpb-content-wrapper\"><p>[vc_row full_width=\u00bbstretch_row\u00bb hide_bg_image_on_tablet=\u00bb\u00bb hide_bg_image_on_mobile=\u00bb\u00bb row_delimiter=\u00bb\u00bb hide_on_desktop=\u00bb\u00bb hide_on_notebook=\u00bb\u00bb hide_on_tablet=\u00bb\u00bb hide_on_mobile=\u00bb\u00bb hide_on_frontpage=\u00bb\u00bb][vc_column fix_column=\u00bb\u00bb hide_bg_image_on_tablet=\u00bb\u00bb hide_bg_image_on_mobile=\u00bb\u00bb icons_position=\u00bbleft\u00bb][vc_empty_space alter_height=\u00bbmedium\u00bb hide_on_desktop=\u00bb\u00bb hide_on_notebook=\u00bb\u00bb hide_on_tablet=\u00bb\u00bb hide_on_mobile=\u00bb\u00bb css=\u00bb.vc_custom_1517820913187{margin-bottom: -1.1rem !important;}\u00bb]<div id=\"sc_title_37091025\"\r\n\t\tclass=\"sc_title color_style_default sc_title_default\"><h3 class=\"sc_item_title sc_title_title sc_align_center sc_item_title_style_default\">\u00bfPor qu\u00e9 Meditar?<\/h3><\/div><!-- \/.sc_title -->[vc_empty_space alter_height=\u00bbmedium\u00bb hide_on_desktop=\u00bb\u00bb hide_on_notebook=\u00bb\u00bb hide_on_tablet=\u00bb\u00bb hide_on_mobile=\u00bb\u00bb css=\u00bb.vc_custom_1517820913187{margin-bottom: -1.1rem !important;}\u00bb][\/vc_column][\/vc_row][vc_row][vc_column icons_position=\u00bbleft\u00bb][vc_column_text css=\u00bb\u00bb]<\/p>\n<h2><img loading=\"lazy\" decoding=\"async\" class=\"alignnone wp-image-3627 size-great_lotus-thumb-huge aligncenter\" src=\"https:\/\/www.lpmeditation.com\/wp-content\/uploads\/2025\/12\/sage-friedman-HS5CLnQbCOc-unsplash-1170x658.jpg\" alt=\"\" width=\"1170\" height=\"658\" srcset=\"https:\/\/www.lpmeditation.com\/wp-content\/uploads\/2025\/12\/sage-friedman-HS5CLnQbCOc-unsplash-1170x658.jpg 1170w, https:\/\/www.lpmeditation.com\/wp-content\/uploads\/2025\/12\/sage-friedman-HS5CLnQbCOc-unsplash-270x152.jpg 270w, https:\/\/www.lpmeditation.com\/wp-content\/uploads\/2025\/12\/sage-friedman-HS5CLnQbCOc-unsplash-540x304.jpg 540w\" sizes=\"auto, (max-width: 1170px) 100vw, 1170px\" \/><\/h2>\n<p align=\"Justify\">\n<\/p>\n<p align=\"Justify\">La meditaci\u00f3n puede permitirnos experimentar una relaci\u00f3n diferente con uno mismo, una conexi\u00f3n con nuestra mente y nuestro yo superior. El estado meditativo nos proporciona una relaci\u00f3n distinta con, lo que yo llamo, nuestro espacio interior, permiti\u00e9ndonos tener una distancia respecto a nuestro entorno, nuestras relaciones y las diferentes situaciones de la vida. <\/p>\n<p align=\"Justify\">Esta pr\u00e1ctica aporta r\u00e1pidamente una calma y una tranquilidad interior para afrontar nuestra vida cotidiana con mayor serenidad.<\/p>\n<h2 id=\"effets\">Efectos Positivos<\/h2>\n<p align=\"Justify\"><img loading=\"lazy\" decoding=\"async\" class=\"wp-image-3192 alignleft\" src=\"https:\/\/www.lpmeditation.com\/wp-content\/uploads\/2025\/11\/8658440_1280-2-4-300x263.jpg\" alt=\"\" width=\"407\" height=\"356\" srcset=\"https:\/\/www.lpmeditation.com\/wp-content\/uploads\/2025\/11\/8658440_1280-2-4-300x263.jpg 300w, https:\/\/www.lpmeditation.com\/wp-content\/uploads\/2025\/11\/8658440_1280-2-4-1024x896.jpg 1024w, https:\/\/www.lpmeditation.com\/wp-content\/uploads\/2025\/11\/8658440_1280-2-4-768x672.jpg 768w, https:\/\/www.lpmeditation.com\/wp-content\/uploads\/2025\/11\/8658440_1280-2-4-370x324.jpg 370w, https:\/\/www.lpmeditation.com\/wp-content\/uploads\/2025\/11\/8658440_1280-2-4-770x674.jpg 770w, https:\/\/www.lpmeditation.com\/wp-content\/uploads\/2025\/11\/8658440_1280-2-4-740x648.jpg 740w, https:\/\/www.lpmeditation.com\/wp-content\/uploads\/2025\/11\/8658440_1280-2-4.jpg 1280w\" sizes=\"auto, (max-width: 407px) 100vw, 407px\" \/><\/p>\n<p align=\"Justify\">Existen numerosos efectos positivos que proporciona la pr\u00e1ctica regular de la meditaci\u00f3n. Estos efectos pueden examinarse a diferentes niveles: <\/p>\n<p align=\"Justify\">A nivel del cuerpo, de la salud f\u00edsica, la meditaci\u00f3n permite una relajaci\u00f3n importante y una fluidez de funcionamiento a nivel energ\u00e9tico y f\u00edsico. Muchos males y problemas pueden as\u00ed reducirse o eliminarse. <\/p>\n<p align=\"Justify\">Por ejemplo, se ha observado una clara mejora o incluso la desaparici\u00f3n de los s\u00edntomas en casos de tensiones musculares, migra\u00f1as, regulaci\u00f3n del sue\u00f1o, dolores f\u00edsicos diversos, problemas digestivos, etc.<\/p>\n<p align=\"Justify\">A nivel psicol\u00f3gico, a menudo se ha observado una mejora en el di\u00e1logo y la visi\u00f3n de la vida, que se vuelven m\u00e1s positivos, un aumento de la atenci\u00f3n, la escucha y la concentraci\u00f3n, una relaci\u00f3n m\u00e1s tranquila con los dem\u00e1s, una mejor comprensi\u00f3n del otro, un aumento de la empat\u00eda, una mayor creatividad, m\u00e1s distancia y una mejor reflexi\u00f3n ante los problemas de la vida, etc.<\/p>\n<p align=\"Justify\">A nivel espiritual, independientemente de cualquier creencia religiosa o filos\u00f3fica, una conexi\u00f3n m\u00e1s profunda y tranquila con los or\u00edgenes de uno mismo, la propia historia personal, un aumento de las percepciones con lo divino para algunos, o incluso el desarrollo de ciertas percepciones extrasensoriales, etc.<\/p>\n<p align=\"Justify\">Todo depende de la pr\u00e1ctica y la b\u00fasqueda personal del meditador. Acceder a ciertos estados profundos de meditaci\u00f3n no depende necesariamente del tiempo. Algunas personas acceden a ellos m\u00e1s r\u00e1pidamente que otras. Lo importante es experimentar el momento presente y lo que se presenta (o no), es en este estado de \u00e1nimo donde se empiezan a sentir realmente los beneficios.   <\/p>\n<h2 id=\"methode\">Un M\u00e9todo Eficaz<\/h2>\n<p><!-- \/wp:post-content --><img loading=\"lazy\" decoding=\"async\" class=\"wp-image-3172 alignright\" style=\"color: #333333; font-family: Roboto, sans-serif; font-size: 14px;\" src=\"https:\/\/www.lpmeditation.com\/wp-content\/uploads\/2025\/11\/8563523_1280-300x169.jpg\" alt=\"\" width=\"515\" height=\"290\" srcset=\"https:\/\/www.lpmeditation.com\/wp-content\/uploads\/2025\/11\/8563523_1280-300x169.jpg 300w, https:\/\/www.lpmeditation.com\/wp-content\/uploads\/2025\/11\/8563523_1280-1024x576.jpg 1024w, https:\/\/www.lpmeditation.com\/wp-content\/uploads\/2025\/11\/8563523_1280-768x432.jpg 768w, https:\/\/www.lpmeditation.com\/wp-content\/uploads\/2025\/11\/8563523_1280-370x208.jpg 370w, https:\/\/www.lpmeditation.com\/wp-content\/uploads\/2025\/11\/8563523_1280-1170x658.jpg 1170w, https:\/\/www.lpmeditation.com\/wp-content\/uploads\/2025\/11\/8563523_1280-770x433.jpg 770w, https:\/\/www.lpmeditation.com\/wp-content\/uploads\/2025\/11\/8563523_1280-740x416.jpg 740w, https:\/\/www.lpmeditation.com\/wp-content\/uploads\/2025\/11\/8563523_1280-270x152.jpg 270w, https:\/\/www.lpmeditation.com\/wp-content\/uploads\/2025\/11\/8563523_1280-540x304.jpg 540w, https:\/\/www.lpmeditation.com\/wp-content\/uploads\/2025\/11\/8563523_1280.jpg 1280w\" sizes=\"auto, (max-width: 515px) 100vw, 515px\" \/><\/p>\n<p align=\"Justify\">Como os dije en la <a href=\"https:\/\/www.lpmeditation.com\/es\/a-propos\/\" target=\"_blank\" rel=\"noopener\">Presentaci\u00f3n de mi experiencia<\/a>, este m\u00e9todo es el resultado de muchos a\u00f1os de investigaci\u00f3n y pr\u00e1ctica.<\/p>\n<p align=\"Justify\">Como en cualquier \u00e1mbito, como el deporte u otros, es necesario practicar regularmente para percibir los efectos y tomar conciencia de lo que uno es realmente.<\/p>\n<p align=\"Justify\">Meditar a diario, incluso de 10 a 15 minutos, es bueno para conectar con uno mismo y calmar la mente, ya sea por la ma\u00f1ana, durante el d\u00eda o por la noche. Pero para m\u00ed, no es necesariamente obligatorio para obtener resultados. <\/p>\n<p align=\"Justify\">Lo que aconsejo es reservar tiempo, un tiempo dedicado a uno mismo, sin interrupciones, al menos una o dos veces por semana. Con la pr\u00e1ctica y si observas que estas sesiones personales de meditaci\u00f3n te hacen bien, practicar\u00e1s m\u00e1s a menudo, de forma natural, sin forzarte. <\/p>\n<p align=\"Justify\">La posici\u00f3n (la postura), la respiraci\u00f3n y los diferentes consejos que os doy en este programa son importantes y han sido probados con un gran n\u00famero de practicantes. Os aconsejo que intent\u00e9is seguir lo mejor posible lo que se os propone, sobre todo si sois principiantes. <\/p>\n<h2 id=\"pourqui\" align=\"Justify\">\u00bfPara Qui\u00e9n?<\/h2>\n<p><img loading=\"lazy\" decoding=\"async\" class=\"wp-image-3525 alignleft\" src=\"https:\/\/www.lpmeditation.com\/wp-content\/uploads\/2025\/11\/BienEstar-18-300x243.jpg\" alt=\"\" width=\"367\" height=\"297\" srcset=\"https:\/\/www.lpmeditation.com\/wp-content\/uploads\/2025\/11\/BienEstar-18-300x243.jpg 300w, https:\/\/www.lpmeditation.com\/wp-content\/uploads\/2025\/11\/BienEstar-18-370x299.jpg 370w, https:\/\/www.lpmeditation.com\/wp-content\/uploads\/2025\/11\/BienEstar-18.jpg 409w\" sizes=\"auto, (max-width: 367px) 100vw, 367px\" \/><\/p>\n<p align=\"Justify\">Todo lo que se os propone es accesible para todos, sea cual sea vuestra edad.<\/p>\n<p align=\"Justify\">No hay restricciones ni peligros particulares, basta con sentarse en una silla c\u00f3moda y seguir las indicaciones.<\/p>\n<p align=\"Justify\">Tampoco hay un objetivo que alcanzar, un nivel que superar, una aptitud particular que tener, etc. No es necesario ir a la naturaleza, a la cima de una monta\u00f1a o a la orilla del mar para meditar eficazmente. <\/p>\n<p align=\"Justify\">Con este programa, puedes practicar en cualquier momento y en cualquier lugar. Tranquilamente en casa, en una casa rural, en una habitaci\u00f3n de hotel o incluso en un parque sentado en un banco si lo deseas. Por la ma\u00f1ana, durante el d\u00eda o por la noche. Para una mayor eficacia, evita practicar la meditaci\u00f3n justo despu\u00e9s de una comida.   <\/p>\n<p>[\/vc_column_text][\/vc_column][\/vc_row]<\/p>\n<\/div>","protected":false},"excerpt":{"rendered":"<p>[vc_row full_width=\u00bbstretch_row\u00bb hide_bg_image_on_tablet=\u00bb\u00bb hide_bg_image_on_mobile=\u00bb\u00bb row_delimiter=\u00bb\u00bb hide_on_desktop=\u00bb\u00bb hide_on_notebook=\u00bb\u00bb hide_on_tablet=\u00bb\u00bb hide_on_mobile=\u00bb\u00bb hide_on_frontpage=\u00bb\u00bb][vc_column fix_column=\u00bb\u00bb hide_bg_image_on_tablet=\u00bb\u00bb hide_bg_image_on_mobile=\u00bb\u00bb icons_position=\u00bbleft\u00bb][vc_empty_space alter_height=\u00bbmedium\u00bb hide_on_desktop=\u00bb\u00bb hide_on_notebook=\u00bb\u00bb hide_on_tablet=\u00bb\u00bb hide_on_mobile=\u00bb\u00bb css=\u00bb.vc_custom_1517820913187{margin-bottom: -1.1rem !important;}\u00bb][vc_empty_space alter_height=\u00bbmedium\u00bb hide_on_desktop=\u00bb\u00bb hide_on_notebook=\u00bb\u00bb hide_on_tablet=\u00bb\u00bb hide_on_mobile=\u00bb\u00bb css=\u00bb.vc_custom_1517820913187{margin-bottom: -1.1rem !important;}\u00bb][\/vc_column][\/vc_row][vc_row][vc_column icons_position=\u00bbleft\u00bb][vc_column_text css=\u00bb\u00bb] La meditaci\u00f3n puede&hellip;<\/p>\n","protected":false},"author":2,"featured_media":3278,"parent":0,"menu_order":0,"comment_status":"closed","ping_status":"closed","template":"","meta":{"footnotes":""},"class_list":["post-3871","page","type-page","status-publish","has-post-thumbnail","hentry"],"_links":{"self":[{"href":"https:\/\/www.lpmeditation.com\/es\/wp-json\/wp\/v2\/pages\/3871","targetHints":{"allow":["GET"]}}],"collection":[{"href":"https:\/\/www.lpmeditation.com\/es\/wp-json\/wp\/v2\/pages"}],"about":[{"href":"https:\/\/www.lpmeditation.com\/es\/wp-json\/wp\/v2\/types\/page"}],"author":[{"embeddable":true,"href":"https:\/\/www.lpmeditation.com\/es\/wp-json\/wp\/v2\/users\/2"}],"replies":[{"embeddable":true,"href":"https:\/\/www.lpmeditation.com\/es\/wp-json\/wp\/v2\/comments?post=3871"}],"version-history":[{"count":1,"href":"https:\/\/www.lpmeditation.com\/es\/wp-json\/wp\/v2\/pages\/3871\/revisions"}],"predecessor-version":[{"id":3872,"href":"https:\/\/www.lpmeditation.com\/es\/wp-json\/wp\/v2\/pages\/3871\/revisions\/3872"}],"wp:featuredmedia":[{"embeddable":true,"href":"https:\/\/www.lpmeditation.com\/es\/wp-json\/wp\/v2\/media\/3278"}],"wp:attachment":[{"href":"https:\/\/www.lpmeditation.com\/es\/wp-json\/wp\/v2\/media?parent=3871"}],"curies":[{"name":"wp","href":"https:\/\/api.w.org\/{rel}","templated":true}]}}